{"id":329,"date":"2021-11-26T09:39:49","date_gmt":"2021-11-26T09:39:49","guid":{"rendered":""},"modified":"2026-04-25T18:25:07","modified_gmt":"2026-04-25T18:25:07","slug":"about-us","status":"publish","type":"page","link":"https:\/\/novakitchen.site\/fr\/about-us\/","title":{"rendered":"\u00c0 propos de nous"},"content":{"rendered":"<div data-elementor-type=\"wp-page\" data-elementor-id=\"329\" class=\"elementor elementor-329\">\n\t\t\t\t\t\t<section class=\"elementor-section elementor-top-section elementor-element elementor-element-ef5f634 elementor-section-boxed elementor-section-gap-beside-yes elementor-section-height-default elementor-section-height-default elementor-section-column-vertical-align-stretch\" data-id=\"ef5f634\" data-element_type=\"section\" data-e-type=\"section\">\n\t\t\t\t\t\t<div class=\"elementor-container elementor-column-gap-extended\">\n\t\t\t\t\t<div class=\"elementor-column elementor-col-100 elementor-top-column elementor-element elementor-element-6b9bd48\" data-id=\"6b9bd48\" data-element_type=\"column\" data-e-type=\"column\">\n\t\t\t<div class=\"elementor-widget-wrap elementor-element-populated\">\n\t\t\t\t\t\t<div class=\"elementor-element elementor-element-3f6ad8b elementor-widget elementor-widget-spacer\" data-id=\"3f6ad8b\" data-element_type=\"widget\" data-e-type=\"widget\" data-widget_type=\"spacer.default\">\n\t\t\t\t\t\t\t<div class=\"elementor-spacer\">\n\t\t\t<div class=\"elementor-spacer-inner\"><\/div>\n\t\t<\/div>\n\t\t\t\t\t\t<\/div>\n\t\t\t\t\t<\/div>\n\t\t<\/div>\n\t\t\t\t\t<\/div>\n\t\t<\/section>\n\t\t\t\t<section class=\"elementor-section elementor-top-section elementor-element elementor-element-be89278 elementor-section-boxed elementor-section-gap-beside-yes elementor-section-height-default elementor-section-height-default elementor-section-content-align-center elementor-section-column-vertical-align-stretch\" data-id=\"be89278\" data-element_type=\"section\" data-e-type=\"section\">\n\t\t\t\t\t\t<div class=\"elementor-container elementor-column-gap-extended\">\n\t\t\t\t\t<div class=\"elementor-column elementor-col-100 elementor-top-column elementor-element elementor-element-ea8fb37\" data-id=\"ea8fb37\" data-element_type=\"column\" data-e-type=\"column\">\n\t\t\t<div class=\"elementor-widget-wrap elementor-element-populated\">\n\t\t\t\t\t\t<div class=\"elementor-element elementor-element-16afce8 elementor-widget elementor-widget-tm-heading\" data-id=\"16afce8\" data-element_type=\"widget\" data-e-type=\"widget\" data-widget_type=\"tm-heading.default\">\n\t\t\t\t<div class=\"elementor-widget-container\">\n\t\t\t\t\t\t\t<div class=\"tm-modern-heading tm-modern-heading--style-02 tm-modern-heading--highlight-style-01\">\n\t\t\t\n\t\t\t\t\t<div class=\"heading-primary-wrap\">\n\t\t\t<h2 class=\"heading-primary elementor-heading-title\">Pr\u00e9sentation de l'entreprise<\/h2>\t\t<\/div>\n\t\t\n\t\t\t\n\t\t\t\t\t<\/div>\n\t\t\t\t\t\t<\/div>\n\t\t\t\t<\/div>\n\t\t\t\t<div class=\"elementor-element elementor-element-5a7abf4 elementor-widget elementor-widget-tm-heading\" data-id=\"5a7abf4\" data-element_type=\"widget\" data-e-type=\"widget\" data-widget_type=\"tm-heading.default\">\n\t\t\t\t<div class=\"elementor-widget-container\">\n\t\t\t\t\t\t\t<div class=\"tm-modern-heading tm-modern-heading--style-03 tm-modern-heading--highlight-style-01\">\n\t\t\t\n\t\t\t\t\t<div class=\"heading-primary-wrap\">\n\t\t\t<h3 class=\"heading-primary elementor-heading-title\">Nova Kitchen est une plateforme de commerce \u00e9lectronique bas\u00e9e en Ontario, sp\u00e9cialis\u00e9e dans les appareils de cuisine modernes con\u00e7us pour le quotidien. Nous simplifions la navigation, la comparaison et l'achat d'appareils en ligne pour nos clients, en toute simplicit\u00e9.<\/h3>\t\t<\/div>\n\t\t\n\t\t\t\n\t\t\t\t\t<div class=\"heading-description-wrap\">\n\t\t\t<div class=\"heading-description\">\n\t\t\t\t<p>Des petits ustensiles de cuisine aux gros appareils \u00e9lectrom\u00e9nagers, notre plateforme est con\u00e7ue pour vous offrir des informations produits claires, une navigation simple et une exp\u00e9rience de paiement s\u00e9curis\u00e9e. Que vous r\u00e9noviez votre cuisine ou remplaciez un seul article, Nova Kitchen vous aide \u00e0 prendre des d\u00e9cisions d'achat \u00e9clair\u00e9es et rapides.<\/p>\t\t\t<\/div>\n\t\t<\/div>\n\t\t\t\t<\/div>\n\t\t\t\t\t\t<\/div>\n\t\t\t\t<\/div>\n\t\t\t\t\t<\/div>\n\t\t<\/div>\n\t\t\t\t\t<\/div>\n\t\t<\/section>\n\t\t\t\t<section class=\"elementor-section elementor-top-section elementor-element elementor-element-c8428f8 elementor-section-boxed elementor-section-gap-beside-yes elementor-section-height-default elementor-section-height-default elementor-section-content-align-center elementor-section-column-vertical-align-stretch\" data-id=\"c8428f8\" data-element_type=\"section\" data-e-type=\"section\">\n\t\t\t\t\t\t<div class=\"elementor-container elementor-column-gap-extended\">\n\t\t\t\t\t<div class=\"elementor-column elementor-col-100 elementor-top-column elementor-element elementor-element-f94c4d6\" data-id=\"f94c4d6\" data-element_type=\"column\" data-e-type=\"column\">\n\t\t\t<div class=\"elementor-widget-wrap elementor-element-populated\">\n\t\t\t\t\t\t<div class=\"elementor-element elementor-element-3acf4d2 elementor-widget elementor-widget-tm-heading\" data-id=\"3acf4d2\" data-element_type=\"widget\" data-e-type=\"widget\" data-widget_type=\"tm-heading.default\">\n\t\t\t\t<div class=\"elementor-widget-container\">\n\t\t\t\t\t\t\t<div class=\"tm-modern-heading tm-modern-heading--style-03 tm-modern-heading--highlight-style-01\">\n\t\t\t\n\t\t\t\t\t<div class=\"heading-primary-wrap\">\n\t\t\t<h3 class=\"heading-primary elementor-heading-title\">Notre vision\n\n<\/h3>\t\t<\/div>\n\t\t\n\t\t\t\n\t\t\t\t\t<div class=\"heading-description-wrap\">\n\t\t\t<div class=\"heading-description\">\n\t\t\t\t<p>Devenir une destination de confiance pour les appareils de cuisine au Canada, o\u00f9 les clients peuvent magasiner en toute confiance, commodit\u00e9 et en toute clart\u00e9.<\/p>\t\t\t<\/div>\n\t\t<\/div>\n\t\t\t\t<\/div>\n\t\t\t\t\t\t<\/div>\n\t\t\t\t<\/div>\n\t\t\t\t<div class=\"elementor-element elementor-element-105b38d elementor-widget elementor-widget-tm-heading\" data-id=\"105b38d\" data-element_type=\"widget\" data-e-type=\"widget\" data-widget_type=\"tm-heading.default\">\n\t\t\t\t<div class=\"elementor-widget-container\">\n\t\t\t\t\t\t\t<div class=\"tm-modern-heading tm-modern-heading--style-03 tm-modern-heading--highlight-style-01\">\n\t\t\t\n\t\t\t\t\t<div class=\"heading-primary-wrap\">\n\t\t\t<h3 class=\"heading-primary elementor-heading-title\">Notre mission\n\n<\/h3>\t\t<\/div>\n\t\t\n\t\t\t\n\t\t\t\t\t<div class=\"heading-description-wrap\">\n\t\t\t<div class=\"heading-description\">\n\t\t\t\t<p>Simplifier l'achat d'appareils de cuisine en proposant une plateforme num\u00e9rique conviviale, des informations produits transparentes et une exp\u00e9rience d'achat s\u00e9curis\u00e9e et fiable.<\/p>\t\t\t<\/div>\n\t\t<\/div>\n\t\t\t\t<\/div>\n\t\t\t\t\t\t<\/div>\n\t\t\t\t<\/div>\n\t\t\t\t\t<\/div>\n\t\t<\/div>\n\t\t\t\t\t<\/div>\n\t\t<\/section>\n\t\t\t\t<section class=\"elementor-section elementor-top-section elementor-element elementor-element-1a2bc03 elementor-section-boxed elementor-section-gap-beside-yes elementor-section-height-default elementor-section-height-default elementor-section-column-vertical-align-stretch\" data-id=\"1a2bc03\" data-element_type=\"section\" data-e-type=\"section\">\n\t\t\t\t\t\t<div class=\"elementor-container elementor-column-gap-extended\">\n\t\t\t\t\t<div class=\"elementor-column elementor-col-50 elementor-top-column elementor-element elementor-element-6fc213a\" data-id=\"6fc213a\" data-element_type=\"column\" data-e-type=\"column\">\n\t\t\t<div class=\"elementor-widget-wrap elementor-element-populated\">\n\t\t\t\t\t\t<div class=\"elementor-element elementor-element-e847d93 minimog-animation-zoom-in elementor-widget elementor-widget-tm-modern-image\" data-id=\"e847d93\" data-element_type=\"widget\" data-e-type=\"widget\" data-widget_type=\"tm-modern-image.default\">\n\t\t\t\t<div class=\"elementor-widget-container\">\n\t\t\t\t\t\t\t<div class=\"tm-modern-image\">\n\t\t\t\t\t\t\t<div class=\"minimog-box\">\n\t\t\t\t\t<div class=\"minimog-image\">\t\t\t\t\t<m-image class=\"minimog-lazy-image\" style=\"--lazy-image-width: 585px;--lazy-image-height: 119.65811965812%;\" data-image-loading><img loading=\"lazy\" decoding=\"async\"  src=\"https:\/\/novakitchen.site\/wp-content\/uploads\/2026\/04\/FREEBY.png\" width=\"585\" height=\"700\" alt=\"FREEBY\" class=\"attachment-full size-full\" \/><\/m-image>\t\t\t\t\t<\/div>\t\t\t\t<\/div>\n\t\t\t\t\t\t\t\t\t\t<\/div>\n\t\t\t\t\t\t<\/div>\n\t\t\t\t<\/div>\n\t\t\t\t\t<\/div>\n\t\t<\/div>\n\t\t\t\t<div class=\"elementor-column elementor-col-50 elementor-top-column elementor-element elementor-element-19fcc4d\" data-id=\"19fcc4d\" data-element_type=\"column\" data-e-type=\"column\">\n\t\t\t<div class=\"elementor-widget-wrap elementor-element-populated\">\n\t\t\t\t\t\t<div class=\"elementor-element elementor-element-e9c9a64 elementor-widget elementor-widget-tm-heading\" data-id=\"e9c9a64\" data-element_type=\"widget\" data-e-type=\"widget\" data-widget_type=\"tm-heading.default\">\n\t\t\t\t<div class=\"elementor-widget-container\">\n\t\t\t\t\t\t\t<div class=\"tm-modern-heading tm-modern-heading--style-01 tm-modern-heading--highlight-style-01\">\n\t\t\t\n\t\t\t\t\t<div class=\"heading-primary-wrap\">\n\t\t\t<h2 class=\"heading-primary elementor-heading-title\">Nos valeurs fondamentales<\/h2>\t\t<\/div>\n\t\t\n\t\t\t\n\t\t\t\t\t<\/div>\n\t\t\t\t\t\t<\/div>\n\t\t\t\t<\/div>\n\t\t\t\t<div class=\"elementor-element elementor-element-6fe5658 elementor-widget elementor-widget-tm-image-box\" data-id=\"6fe5658\" data-element_type=\"widget\" data-e-type=\"widget\" data-widget_type=\"tm-image-box.default\">\n\t\t\t\t<div class=\"elementor-widget-container\">\n\t\t\t\t\t\t\t<div class=\"tm-image-box minimog-box tm-image-box--image-left tm-image-box--style-1 tm-image-box--content-alignment-top tm-image-box--image-top-mobile\">\t\t<div class=\"tm-image-box__wrap\">\n\n\t\t\t\t\t\t\t<div class=\"tm-image-box__image\">\n\t\t\t\t\t<m-image class=\"minimog-lazy-image minimog-image\" style=\"--lazy-image-width: 61px;--lazy-image-height: 100%;\" data-image-loading><img loading=\"lazy\" decoding=\"async\"  src=\"https:\/\/novakitchen.site\/wp-content\/uploads\/2021\/11\/cloud.png\" width=\"61\" height=\"61\" alt=\"cloud\" class=\"attachment-full size-full\" \/><\/m-image>\t\t\t\t\t\t\t\t\t<\/div>\n\t\t\t\n\t\t\t<div class=\"tm-image-box__content\">\n\t\t\t\t<div class=\"tm-image-box__title-wrapper\"><h3 class=\"tm-image-box__title\"><span class=\"tm-image-box__title-text\">Simplicit\u00e9<\/span><\/h3><\/div>\n\t\t\t\t\t\t<div class=\"tm-image-box__description\">\n\t\t\tNous pensons que l'achat d'\u00e9lectrom\u00e9nagers ne devrait pas \u00eatre compliqu\u00e9. Tous nos produits sont con\u00e7us pour \u00eatre clairs, intuitifs et faciles \u00e0 utiliser.\t\t<\/div>\n\t\t\n\t\t\t\t\t\t\t<\/div>\n\n\t\t<\/div>\n\t\t<\/div>\t\t\t\t\t\t<\/div>\n\t\t\t\t<\/div>\n\t\t\t\t<div class=\"elementor-element elementor-element-5695b29 elementor-widget elementor-widget-tm-image-box\" data-id=\"5695b29\" data-element_type=\"widget\" data-e-type=\"widget\" data-widget_type=\"tm-image-box.default\">\n\t\t\t\t<div class=\"elementor-widget-container\">\n\t\t\t\t\t\t\t<div class=\"tm-image-box minimog-box tm-image-box--image-left tm-image-box--style-1 tm-image-box--content-alignment-top tm-image-box--image-top-mobile\">\t\t<div class=\"tm-image-box__wrap\">\n\n\t\t\t\t\t\t\t<div class=\"tm-image-box__image\">\n\t\t\t\t\t<m-image class=\"minimog-lazy-image minimog-image\" style=\"--lazy-image-width: 48px;--lazy-image-height: 100%;\" data-image-loading><img loading=\"lazy\" decoding=\"async\"  src=\"https:\/\/novakitchen.site\/wp-content\/uploads\/2021\/11\/feather.png\" width=\"48\" height=\"48\" alt=\"feather\" class=\"attachment-full size-full\" \/><\/m-image>\t\t\t\t\t\t\t\t\t<\/div>\n\t\t\t\n\t\t\t<div class=\"tm-image-box__content\">\n\t\t\t\t<div class=\"tm-image-box__title-wrapper\"><h3 class=\"tm-image-box__title\"><span class=\"tm-image-box__title-text\">Transparence<\/span><\/h3><\/div>\n\t\t\t\t\t\t<div class=\"tm-image-box__description\">\n\t\t\tAucune information cach\u00e9e. Aucune sp\u00e9cification complexe. Nous fournissons des informations pr\u00e9cises sur nos produits et leurs prix afin que nos clients puissent prendre des d\u00e9cisions \u00e9clair\u00e9es.\t\t<\/div>\n\t\t\n\t\t\t\t\t\t\t<\/div>\n\n\t\t<\/div>\n\t\t<\/div>\t\t\t\t\t\t<\/div>\n\t\t\t\t<\/div>\n\t\t\t\t<div class=\"elementor-element elementor-element-228cc55 elementor-widget elementor-widget-tm-image-box\" data-id=\"228cc55\" data-element_type=\"widget\" data-e-type=\"widget\" data-widget_type=\"tm-image-box.default\">\n\t\t\t\t<div class=\"elementor-widget-container\">\n\t\t\t\t\t\t\t<div class=\"tm-image-box minimog-box tm-image-box--image-left tm-image-box--style-1 tm-image-box--content-alignment-top tm-image-box--image-top-mobile\">\t\t<div class=\"tm-image-box__wrap\">\n\n\t\t\t\t\t\t\t<div class=\"tm-image-box__image\">\n\t\t\t\t\t<m-image class=\"minimog-lazy-image minimog-image\" style=\"--lazy-image-width: 49px;--lazy-image-height: 100%;\" data-image-loading><img loading=\"lazy\" decoding=\"async\"  src=\"https:\/\/novakitchen.site\/wp-content\/uploads\/2021\/11\/clock.png\" width=\"49\" height=\"49\" alt=\"clock\" class=\"attachment-full size-full\" \/><\/m-image>\t\t\t\t\t\t\t\t\t<\/div>\n\t\t\t\n\t\t\t<div class=\"tm-image-box__content\">\n\t\t\t\t<div class=\"tm-image-box__title-wrapper\"><h3 class=\"tm-image-box__title\"><span class=\"tm-image-box__title-text\">Fiabilit\u00e9<\/span><\/h3><\/div>\n\t\t\t\t\t\t<div class=\"tm-image-box__description\">\n\t\t\tDe la navigation au paiement, notre plateforme est con\u00e7ue pour fonctionner de mani\u00e8re constante et s\u00e9curis\u00e9e \u00e0 chaque fois que vous en avez besoin.\t\t<\/div>\n\t\t\n\t\t\t\t\t\t\t<\/div>\n\n\t\t<\/div>\n\t\t<\/div>\t\t\t\t\t\t<\/div>\n\t\t\t\t<\/div>\n\t\t\t\t\t<\/div>\n\t\t<\/div>\n\t\t\t\t\t<\/div>\n\t\t<\/section>\n\t\t\t\t<\/div>","protected":false},"excerpt":{"rendered":"<p>Company Overview Nova Kitchen is an Ontario-based ecommerce platform focused on modern kitchen appliances designed for everyday living. We make it easy for customers to browse, compare, and purchase appliances online without the usual friction. From small kitchen essentials to larger appliances, our platform is built to give you clear product information, simple navigation, and a secure checkout experience. Whether you\u2019re upgrading your kitchen or replacing a single item, Nova Kitchen helps you make confident buying decisions without wasting time. Our Vision To become a trusted go-to destination for kitchen appliances in Canada, where customers can shop with confidence, convenience, and complete clarity. Our Mission To simplify the way people shop for kitchen appliances by providing a user-friendly digital platform, transparent product information, and a secure, reliable purchasing experience. Our Core Values Simplicity We believe shopping for appliances shouldn\u2019t feel complicated. Everything we build is designed to be clear, intuitive, and easy to use. Transparency No hidden details. No confusing specs. We provide accurate product information and pricing so customers can make informed decisions. Reliability From browsing to checkout, our platform is built to perform consistently and securely whenever you need it.<\/p>","protected":false},"author":1,"featured_media":0,"parent":0,"menu_order":0,"comment_status":"closed","ping_status":"closed","template":"","meta":{"footnotes":""},"class_list":["post-329","page","type-page","status-publish","hentry","post-no-thumbnail"],"_links":{"self":[{"href":"https:\/\/novakitchen.site\/fr\/wp-json\/wp\/v2\/pages\/329","targetHints":{"allow":["GET"]}}],"collection":[{"href":"https:\/\/novakitchen.site\/fr\/wp-json\/wp\/v2\/pages"}],"about":[{"href":"https:\/\/novakitchen.site\/fr\/wp-json\/wp\/v2\/types\/page"}],"author":[{"embeddable":true,"href":"https:\/\/novakitchen.site\/fr\/wp-json\/wp\/v2\/users\/1"}],"replies":[{"embeddable":true,"href":"https:\/\/novakitchen.site\/fr\/wp-json\/wp\/v2\/comments?post=329"}],"version-history":[{"count":26,"href":"https:\/\/novakitchen.site\/fr\/wp-json\/wp\/v2\/pages\/329\/revisions"}],"predecessor-version":[{"id":21633,"href":"https:\/\/novakitchen.site\/fr\/wp-json\/wp\/v2\/pages\/329\/revisions\/21633"}],"wp:attachment":[{"href":"https:\/\/novakitchen.site\/fr\/wp-json\/wp\/v2\/media?parent=329"}],"curies":[{"name":"wp","href":"https:\/\/api.w.org\/{rel}","templated":true}]}}